{"id":45,"date":"2017-06-15T08:22:51","date_gmt":"2017-06-15T08:22:51","guid":{"rendered":"https:\/\/new.giggeler-it.de\/?page_id=45"},"modified":"2021-01-10T17:23:32","modified_gmt":"2021-01-10T15:23:32","slug":"partner","status":"publish","type":"page","link":"https:\/\/giggeler-it.de\/?page_id=45","title":{"rendered":"Partner"},"content":{"rendered":"<p><a title=\"Schellirepair Handy und Tablet Reperatur\" href=\"http:\/\/schellirepair.de\/\" target=\"_blank\" rel=\"noopener noreferrer\"><img loading=\"lazy\" decoding=\"async\" src=\"https:\/\/schellirepair.de\/images\/banners\/Logo_Handyreparaturservice.jpg\" alt=\"Schellirepair Handy und Tablet Reperatur\" width=\"287\" height=\"80\" \/><\/a><br \/>\nWir sind spezialisiert auf Reparaturen von Smartphones und Tablets.<br \/>\nMit einer Vielfalt an Dienstleistungen sind Sie mit uns immer auf der sicherern Seite.<\/p>\n<p><a title=\"Autohaus Jost e.K.\" href=\"http:\/\/www.jost.autofitpartner.de\/\" target=\"_blank\" rel=\"noopener noreferrer\"><img loading=\"lazy\" decoding=\"async\" src=\"http:\/\/giggeler-it.de\/images\/banners\/Jost.PNG\" alt=\"Autohaus Jost e.K.\" width=\"287\" height=\"87\" \/><br \/>\n<\/a>Die\u00a0<em>AUTOFIT<\/em>-Meisterwerkstatt ist die g\u00fcnstige Alternative f\u00fcr die Wartung und Inspektion Ihres Autos &#8211; f\u00fcr alle Marken,<br \/>\nf\u00fcr alle Baujahre und f\u00fcr alle Service- und Reparaturarbeiten rund um Ihr Auto<\/p>\n<p><a href=\"https:\/\/www.kap4you.de\"><img loading=\"lazy\" decoding=\"async\" class=\"size-medium wp-image-279\" src=\"https:\/\/giggeler-it.de\/wp-content\/uploads\/2018\/04\/kap4you-300x82.png\" alt=\"Kap4You Externe Revision und Executive Search\" width=\"300\" height=\"82\" srcset=\"https:\/\/giggeler-it.de\/wp-content\/uploads\/2018\/04\/kap4you-300x82.png 300w, https:\/\/giggeler-it.de\/wp-content\/uploads\/2018\/04\/kap4you.png 458w\" sizes=\"auto, (max-width: 300px) 100vw, 300px\" \/><\/a><\/p>\n<p>Kap4You ist Ihr Ansprechpartner im Bereich der Personal-, Managementberatung und Interimsmanagment.<br \/>\nDabei haben Sie sich auf die Betreuung des filialisierten Handels spezialisiert. Die Mitarbeiter kommen aus Spitzpositionen des Handles<br \/>\nund Ihr Ziel ist es die Nachhaltigkeit der Ergebnisse zu verbessern.<\/p>\n<p><a title=\"CubeCoders\" href=\"https:\/\/cubecoders.com\/\" target=\"_blank\" rel=\"noopener noreferrer\"><img loading=\"lazy\" decoding=\"async\" src=\"https:\/\/cubecoders.com\/Content\/images\/Logo.png\" width=\"287\" height=\"87\" \/><\/a><\/p>\n<p>Cubecoders ist eine kleine Development Schmiede aus Bristol (UK), Ihr aktuelles Software Flaggschiff ist der McMyAdmin,<br \/>\nder es mit Hilfe einer Weboberfl\u00e4che erm\u00f6glich ein oder mehrere Minecraft Server zu verwalten. Giggeler-IT vertreibt unter anderem dieses Produkt.<\/p>\n<p><a href=\"https:\/\/boinc.berkeley.edu\/\"><img loading=\"lazy\" decoding=\"async\" class=\"alignnone size-full wp-image-283\" src=\"https:\/\/giggeler-it.de\/wp-content\/uploads\/2018\/04\/boinc.gif\" alt=\"\" width=\"164\" height=\"73\" \/><\/a><\/p>\n<p>Die Berkeley Open Infrastructure for Network Computing (Boinc) ist eine Software-Plattform f\u00fcr verteiltes Rechnen.<br \/>\nAuf allen unseren Servern werden die Leerlaufzeiten und Leistungs\u00fcbersch\u00fcsse genutzt um Projekte in der Wissenschaft und Forschung zu unterst\u00fctzen.<\/p>\n<p><a href=\"https:\/\/netbounty.de\">Netbounty<\/a><br \/>\nin k\u00fcrze weitere Informationen.<\/p>\n<p><a href=\"https:\/\/www.netcup.de\" target=\"_blank\" rel=\"noopener noreferrer\"><img loading=\"lazy\" decoding=\"async\" src=\"https:\/\/www.netcup.de\/static\/assets\/images\/promotion\/netcup-setC-468x60.png\" alt=\"netcup.de\" width=\"468\" height=\"60\" \/><\/a><br \/>\nNetcup einer unser Hosting Partner.<\/p>\n<p>Hellhahn Br\u00e4u &#8211; Braugemeinschaft Hellmann und Hahn.<br \/>\n<a href=\"https:\/\/hellhahnbraeu.de\/\"><img loading=\"lazy\" decoding=\"async\" class=\"alignnone size-medium wp-image-399\" src=\"https:\/\/giggeler-it.de\/wp-content\/uploads\/2020\/11\/hellhahn-brau2-300x186.jpg\" alt=\"\" width=\"300\" height=\"186\" srcset=\"https:\/\/giggeler-it.de\/wp-content\/uploads\/2020\/11\/hellhahn-brau2-300x186.jpg 300w, https:\/\/giggeler-it.de\/wp-content\/uploads\/2020\/11\/hellhahn-brau2-1024x636.jpg 1024w, https:\/\/giggeler-it.de\/wp-content\/uploads\/2020\/11\/hellhahn-brau2-768x477.jpg 768w, https:\/\/giggeler-it.de\/wp-content\/uploads\/2020\/11\/hellhahn-brau2.jpg 1200w\" sizes=\"auto, (max-width: 300px) 100vw, 300px\" \/><\/a><\/p>\n","protected":false},"excerpt":{"rendered":"<p>Wir sind spezialisiert auf Reparaturen von Smartphones und Tablets. Mit einer Vielfalt an Dienstleistungen sind Sie mit uns immer auf der sicherern Seite. Die\u00a0AUTOFIT-Meisterwerkstatt ist die g\u00fcnstige Alternative f\u00fcr die Wartung und Inspektion Ihres Autos &#8211; f\u00fcr alle Marken, f\u00fcr alle Baujahre und f\u00fcr alle Service- und Reparaturarbeiten rund um Ihr Auto Kap4You ist Ihr [&hellip;]<\/p>\n","protected":false},"author":1,"featured_media":0,"parent":0,"menu_order":0,"comment_status":"closed","ping_status":"closed","template":"","meta":{"footnotes":""},"class_list":["post-45","page","type-page","status-publish","czr-hentry"],"_links":{"self":[{"href":"https:\/\/giggeler-it.de\/index.php?rest_route=\/wp\/v2\/pages\/45","targetHints":{"allow":["GET"]}}],"collection":[{"href":"https:\/\/giggeler-it.de\/index.php?rest_route=\/wp\/v2\/pages"}],"about":[{"href":"https:\/\/giggeler-it.de\/index.php?rest_route=\/wp\/v2\/types\/page"}],"author":[{"embeddable":true,"href":"https:\/\/giggeler-it.de\/index.php?rest_route=\/wp\/v2\/users\/1"}],"replies":[{"embeddable":true,"href":"https:\/\/giggeler-it.de\/index.php?rest_route=%2Fwp%2Fv2%2Fcomments&post=45"}],"version-history":[{"count":12,"href":"https:\/\/giggeler-it.de\/index.php?rest_route=\/wp\/v2\/pages\/45\/revisions"}],"predecessor-version":[{"id":430,"href":"https:\/\/giggeler-it.de\/index.php?rest_route=\/wp\/v2\/pages\/45\/revisions\/430"}],"wp:attachment":[{"href":"https:\/\/giggeler-it.de\/index.php?rest_route=%2Fwp%2Fv2%2Fmedia&parent=45"}],"curies":[{"name":"wp","href":"https:\/\/api.w.org\/{rel}","templated":true}]}}