{"id":41,"date":"2017-06-15T08:22:01","date_gmt":"2017-06-15T08:22:01","guid":{"rendered":"https:\/\/new.giggeler-it.de\/?page_id=41"},"modified":"2025-07-01T10:45:19","modified_gmt":"2025-07-01T08:45:19","slug":"kontakt","status":"publish","type":"page","link":"https:\/\/giggeler-it.de\/?page_id=41","title":{"rendered":"Kontakt"},"content":{"rendered":"<p>Haben Sie Fragen? Wollen Sie ein Angebot?<br \/>\nWir sind f\u00fcr Sie da!<\/p>\n<p>V\u00f6llig Unverbindlich, einfach eine Anfrage starten.<\/p>\n<p><strong>Giggeler-IT<\/strong><br \/>\n<strong>Kaiserstra\u00dfe 33<\/strong><br \/>\n<strong>06408\/9577000<br \/>\n0176\/95886492<\/strong><br \/>\n<strong><span id=\"cloak516db1fa5c4b7ac07eaef13f8d91daea\"><a href=\"mailto:info@giggeler-it.de\">info@giggeler-it.de<\/a><\/span><\/strong><\/p>\n","protected":false},"excerpt":{"rendered":"<p>Haben Sie Fragen? Wollen Sie ein Angebot? Wir sind f\u00fcr Sie da! V\u00f6llig Unverbindlich, einfach eine Anfrage starten. Giggeler-IT Kaiserstra\u00dfe 33 06408\/9577000 0176\/95886492 info@giggeler-it.de<\/p>\n","protected":false},"author":1,"featured_media":0,"parent":0,"menu_order":0,"comment_status":"closed","ping_status":"closed","template":"","meta":{"footnotes":""},"class_list":["post-41","page","type-page","status-publish","czr-hentry"],"_links":{"self":[{"href":"https:\/\/giggeler-it.de\/index.php?rest_route=\/wp\/v2\/pages\/41","targetHints":{"allow":["GET"]}}],"collection":[{"href":"https:\/\/giggeler-it.de\/index.php?rest_route=\/wp\/v2\/pages"}],"about":[{"href":"https:\/\/giggeler-it.de\/index.php?rest_route=\/wp\/v2\/types\/page"}],"author":[{"embeddable":true,"href":"https:\/\/giggeler-it.de\/index.php?rest_route=\/wp\/v2\/users\/1"}],"replies":[{"embeddable":true,"href":"https:\/\/giggeler-it.de\/index.php?rest_route=%2Fwp%2Fv2%2Fcomments&post=41"}],"version-history":[{"count":5,"href":"https:\/\/giggeler-it.de\/index.php?rest_route=\/wp\/v2\/pages\/41\/revisions"}],"predecessor-version":[{"id":519,"href":"https:\/\/giggeler-it.de\/index.php?rest_route=\/wp\/v2\/pages\/41\/revisions\/519"}],"wp:attachment":[{"href":"https:\/\/giggeler-it.de\/index.php?rest_route=%2Fwp%2Fv2%2Fmedia&parent=41"}],"curies":[{"name":"wp","href":"https:\/\/api.w.org\/{rel}","templated":true}]}}