{"id":22,"date":"2017-06-15T08:07:50","date_gmt":"2017-06-15T08:07:50","guid":{"rendered":"https:\/\/new.giggeler-it.de\/?page_id=22"},"modified":"2018-04-19T18:29:47","modified_gmt":"2018-04-19T16:29:47","slug":"webdesign","status":"publish","type":"page","link":"https:\/\/giggeler-it.de\/?page_id=22","title":{"rendered":"Webdesign"},"content":{"rendered":"<p>Wir bieten Ihnen neuste Technik und verschieden Designs.<br \/>\nHelfen Ihnen bei der Einrichtung und Pflege, Ihrer Homepage und beraten Sie gerne.<br \/>\nAuch Wartung und Backups sind f\u00fcr uns kein Problem.<\/p>\n<p>Sie haben bereits eine Webseite und wollen sie \u00fcberarbeiten lassen (neue Inhalte, Design oder Technologie).<br \/>\nGern bieten wir Ihnen eine Analyse \u00fcber das Nutzungsverhalten Ihrer bestehenden Webseite.<\/p>\n<ul>\n<li>Wer ist wo wie lange?<\/li>\n<li>Mit welchen Endger\u00e4ten sind die meister Benutzer unterwegs?<\/li>\n<li>Habe ich evtl. internationale Interessenten?<\/li>\n<li>Was wird von den Benutzern am meisten Angesehen?<\/li>\n<li>uvm&#8230;<\/li>\n<\/ul>\n<p>Gern bieten wir Ihnen auch Angebote zum schalten von Werbung an.<br \/>\n<a href=\"https:\/\/giggeler-it.de\/?page_id=252\">Weitere Informationen finden sie hier.<\/a><\/p>\n<p><strong>Preise auf Anfrage!<\/strong><\/p>\n<p><strong>Referenzen:<\/strong><\/p>\n<p><a title=\"Vogelschutz Verein Gro\u00dfen Buseck\" href=\"http:\/\/www.vogelschutz-grossen-buseck.de\/\" target=\"_blank\" rel=\"noopener\"><img loading=\"lazy\" decoding=\"async\" src=\"http:\/\/giggeler-it.de\/images\/banners\/Vogelschutz.png\" alt=\"Vogelschutz Verein Gro\u00dfen Buseck\" width=\"200\" height=\"144\" \/><\/a><a title=\"Schellirepair\" href=\"http:\/\/www.schellirepair.de\/\" target=\"_blank\" rel=\"noopener\"><img loading=\"lazy\" decoding=\"async\" src=\"http:\/\/giggeler-it.de\/images\/banners\/Schellirepair.png\" alt=\"Schellirepair\" width=\"200\" height=\"149\" \/><\/a><a title=\"Teutonia\" href=\"http:\/\/www.teutonia-buseck.de\/\" target=\"_blank\" rel=\"noopener\"><img loading=\"lazy\" decoding=\"async\" src=\"https:\/\/giggeler-it.de\/wp-content\/uploads\/2017\/06\/teutonia.png\" alt=\"Teutonia\" width=\"200\" height=\"149\" \/><\/a><\/p>\n<p><strong>weitere ohne Vorschau:<\/strong><\/p>\n<ul>\n<li><a href=\"http:\/\/www.dolmetscher-engelundpartner.de\/\">Dolmetscher Engel &amp; Partner<\/a><\/li>\n<li><a href=\"https:\/\/www.firebeazz.de\/\">Firebeazz<\/a><\/li>\n<\/ul>\n","protected":false},"excerpt":{"rendered":"<p>Wir bieten Ihnen neuste Technik und verschieden Designs. Helfen Ihnen bei der Einrichtung und Pflege, Ihrer Homepage und beraten Sie gerne. Auch Wartung und Backups sind f\u00fcr uns kein Problem. Sie haben bereits eine Webseite und wollen sie \u00fcberarbeiten lassen (neue Inhalte, Design oder Technologie). Gern bieten wir Ihnen eine Analyse \u00fcber das Nutzungsverhalten Ihrer [&hellip;]<\/p>\n","protected":false},"author":1,"featured_media":62,"parent":0,"menu_order":0,"comment_status":"closed","ping_status":"closed","template":"","meta":{"footnotes":""},"class_list":["post-22","page","type-page","status-publish","has-post-thumbnail","czr-hentry"],"_links":{"self":[{"href":"https:\/\/giggeler-it.de\/index.php?rest_route=\/wp\/v2\/pages\/22","targetHints":{"allow":["GET"]}}],"collection":[{"href":"https:\/\/giggeler-it.de\/index.php?rest_route=\/wp\/v2\/pages"}],"about":[{"href":"https:\/\/giggeler-it.de\/index.php?rest_route=\/wp\/v2\/types\/page"}],"author":[{"embeddable":true,"href":"https:\/\/giggeler-it.de\/index.php?rest_route=\/wp\/v2\/users\/1"}],"replies":[{"embeddable":true,"href":"https:\/\/giggeler-it.de\/index.php?rest_route=%2Fwp%2Fv2%2Fcomments&post=22"}],"version-history":[{"count":11,"href":"https:\/\/giggeler-it.de\/index.php?rest_route=\/wp\/v2\/pages\/22\/revisions"}],"predecessor-version":[{"id":288,"href":"https:\/\/giggeler-it.de\/index.php?rest_route=\/wp\/v2\/pages\/22\/revisions\/288"}],"wp:featuredmedia":[{"embeddable":true,"href":"https:\/\/giggeler-it.de\/index.php?rest_route=\/wp\/v2\/media\/62"}],"wp:attachment":[{"href":"https:\/\/giggeler-it.de\/index.php?rest_route=%2Fwp%2Fv2%2Fmedia&parent=22"}],"curies":[{"name":"wp","href":"https:\/\/api.w.org\/{rel}","templated":true}]}}