{"id":100,"date":"2017-06-18T11:23:04","date_gmt":"2017-06-18T09:23:04","guid":{"rendered":"https:\/\/giggeler-it.de\/?page_id=100"},"modified":"2017-06-18T11:23:04","modified_gmt":"2017-06-18T09:23:04","slug":"2dgameengine","status":"publish","type":"page","link":"https:\/\/giggeler-it.de\/?page_id=100","title":{"rendered":"2DGameEngine"},"content":{"rendered":"<p>In diesem Software Projekt geht es um eine Lernplattform die es Anf\u00e4ngern erm\u00f6glichen soll einfache Spieleprojekte im Web umzusetzen.<br \/>\nDabei Orientiert sich das Projekt etwas am <a href=\"http:\/\/www.java-hamster-modell.de\/\">JavaHamster Modell<\/a>\u00a0von\u00a0Dr.-Ing. Dietrich Boles von Uni Oldenburg.<\/p>\n<p>In diesem Framework wird es mit Hilfe von einfachen Bedienelementen im Webbrowser erm\u00f6glich ein Spielfeld (\u00e4hnlich wie bei einem Brettspiel) zu gestalten. Dabei ist es m\u00f6glich das komplette Modell auf eigene Anspr\u00fcche oder Lerninhalte anzupassen. Verwendet werden die Technologien ASP.net und C# von Microsoft. Dabei wurde darauf geachtet das alles auch unter Linux (Mono) lauff\u00e4hig ist.<\/p>\n<p>Zu Zeit befindet sich das System in der Entwicklung und wird zusammen mit Malte Weber stetig weiterentwickelt. Ziel soll es sein auch einige Tutorials (Lernunterlagen) zu entwicklen und zus\u00e4tzlich bereit zu stellen.<\/p>\n<p>Eine vorab Version kann gern Angefragt werden.<\/p>\n<p><strong>Bereits enthaltene Objekte:<\/strong><\/p>\n<ul>\n<li>B\u00e4ume<\/li>\n<li>Mauern<\/li>\n<li>Geb\u00e4ude (mit Builder)<\/li>\n<li>Waffen<\/li>\n<\/ul>\n<p><strong>Referenz:<\/strong><\/p>\n<p><a href=\"https:\/\/gitlab.com\/Giggeler\/2DGameEngine\/\">GitLab &#8211; 2DGameEngine<\/a><\/p>\n","protected":false},"excerpt":{"rendered":"<p>In diesem Software Projekt geht es um eine Lernplattform die es Anf\u00e4ngern erm\u00f6glichen soll einfache Spieleprojekte im Web umzusetzen. Dabei Orientiert sich das Projekt etwas am JavaHamster Modell\u00a0von\u00a0Dr.-Ing. Dietrich Boles von Uni Oldenburg. In diesem Framework wird es mit Hilfe von einfachen Bedienelementen im Webbrowser erm\u00f6glich ein Spielfeld (\u00e4hnlich wie bei einem Brettspiel) zu gestalten. [&hellip;]<\/p>\n","protected":false},"author":1,"featured_media":0,"parent":0,"menu_order":0,"comment_status":"closed","ping_status":"closed","template":"","meta":{"footnotes":""},"class_list":["post-100","page","type-page","status-publish","czr-hentry"],"_links":{"self":[{"href":"https:\/\/giggeler-it.de\/index.php?rest_route=\/wp\/v2\/pages\/100","targetHints":{"allow":["GET"]}}],"collection":[{"href":"https:\/\/giggeler-it.de\/index.php?rest_route=\/wp\/v2\/pages"}],"about":[{"href":"https:\/\/giggeler-it.de\/index.php?rest_route=\/wp\/v2\/types\/page"}],"author":[{"embeddable":true,"href":"https:\/\/giggeler-it.de\/index.php?rest_route=\/wp\/v2\/users\/1"}],"replies":[{"embeddable":true,"href":"https:\/\/giggeler-it.de\/index.php?rest_route=%2Fwp%2Fv2%2Fcomments&post=100"}],"version-history":[{"count":1,"href":"https:\/\/giggeler-it.de\/index.php?rest_route=\/wp\/v2\/pages\/100\/revisions"}],"predecessor-version":[{"id":101,"href":"https:\/\/giggeler-it.de\/index.php?rest_route=\/wp\/v2\/pages\/100\/revisions\/101"}],"wp:attachment":[{"href":"https:\/\/giggeler-it.de\/index.php?rest_route=%2Fwp%2Fv2%2Fmedia&parent=100"}],"curies":[{"name":"wp","href":"https:\/\/api.w.org\/{rel}","templated":true}]}}